{"id":222,"date":"2023-02-20T13:08:17","date_gmt":"2023-02-20T13:08:17","guid":{"rendered":"http:\/\/consultingtotalcr.com\/?page_id=222"},"modified":"2023-03-12T14:11:20","modified_gmt":"2023-03-12T14:11:20","slug":"servicios","status":"publish","type":"page","link":"https:\/\/consultingtotal.com\/?page_id=222","title":{"rendered":"Servicios"},"content":{"rendered":"<body>\n\n\n\n\n\n<h2 style=\"color: rgb(0, 0, 0);\">Servicios<\/h2>\n\n\n\n<p><span style=\"text-decoration-style: initial;\">Servicios<\/span><span style=\"text-decoration-style: initial;\">\u00a0nos brinda una variedad de tipos de ayuda para nuestra empresa. Este tipo de ayudas orientan hacia una gama de servicios que van desde la presentaci\u00f3n formal de la empresa, bien sea en su dise\u00f1o en todo lo que se refiere a la presentaci\u00f3n, en diferentes formas, en paginas web, publicidad, paquetes de materiales que representan a la empresa hasta con el logo,etc<\/span><span style=\"color: rgb(119, 119, 119); font-family: Montserrat; letter-spacing: normal; text-decoration-style: initial;\">.<\/span><br><\/p>\n<p><span style=\"color: rgb(119, 119, 119); font-family: Montserrat; letter-spacing: normal; text-decoration-style: initial;\">Ofrecemos orientaci\u00f3n en el departamento de recursos humanos. Todo en asesor\u00eda legal de la propia empresa como de otros tipos. Abarcar problemas personales del trabajador y jur\u00eddicos de la empresa.<\/span><br><\/p>\n\n\n<p>Tenemos servicios que tienen que ver con facilitar aquellos documentos que nos pudieran hacer perder el tiempo. <\/p>\n<p>Estos servicios se encargan de manejarlos, tambi\u00e9n tenemos experiencia en servicios administrativos y de contadur\u00eda para que su negocio marche en el camino correcto.<br><\/p>\n\n\n\n\n\n\n\n\n\n\n\n<\/body>","protected":false},"excerpt":{"rendered":"","protected":false},"author":1,"featured_media":0,"parent":0,"menu_order":0,"comment_status":"closed","ping_status":"closed","template":"","meta":{"om_disable_all_campaigns":false,"pagelayer_contact_templates":[],"_pagelayer_content":"","_monsterinsights_skip_tracking":false,"_monsterinsights_sitenote_active":false,"_monsterinsights_sitenote_note":"","_monsterinsights_sitenote_category":0,"_joinchat":[],"footnotes":""},"class_list":["post-222","page","type-page","status-publish","hentry"],"aioseo_notices":[],"_links":{"self":[{"href":"https:\/\/consultingtotal.com\/index.php?rest_route=\/wp\/v2\/pages\/222","targetHints":{"allow":["GET"]}}],"collection":[{"href":"https:\/\/consultingtotal.com\/index.php?rest_route=\/wp\/v2\/pages"}],"about":[{"href":"https:\/\/consultingtotal.com\/index.php?rest_route=\/wp\/v2\/types\/page"}],"author":[{"embeddable":true,"href":"https:\/\/consultingtotal.com\/index.php?rest_route=\/wp\/v2\/users\/1"}],"replies":[{"embeddable":true,"href":"https:\/\/consultingtotal.com\/index.php?rest_route=%2Fwp%2Fv2%2Fcomments&post=222"}],"version-history":[{"count":5,"href":"https:\/\/consultingtotal.com\/index.php?rest_route=\/wp\/v2\/pages\/222\/revisions"}],"predecessor-version":[{"id":510,"href":"https:\/\/consultingtotal.com\/index.php?rest_route=\/wp\/v2\/pages\/222\/revisions\/510"}],"wp:attachment":[{"href":"https:\/\/consultingtotal.com\/index.php?rest_route=%2Fwp%2Fv2%2Fmedia&parent=222"}],"curies":[{"name":"wp","href":"https:\/\/api.w.org\/{rel}","templated":true}]}}