{"id":205,"date":"2023-02-20T12:03:37","date_gmt":"2023-02-20T12:03:37","guid":{"rendered":"http:\/\/consultingtotalcr.com\/?page_id=205"},"modified":"2023-03-12T14:44:30","modified_gmt":"2023-03-12T14:44:30","slug":"nuestra-empresa","status":"publish","type":"page","link":"https:\/\/consultingtotal.com\/?page_id=205","title":{"rendered":"Nuestra Empresa"},"content":{"rendered":"<body>\n\n\n\n\n\n<h2 style=\"color: rgb(0, 0, 0);\">Nuestra Empresa<\/h2>\n\n\n\n\n\n\n\n\n\n\n\n\n\n\n\n\n\n\n\n\n\n\n\n\n\n\n\n\n\n<p style=\"text-align: right; \"><span style=\"font-size: 20px; color: rgb(255, 255, 255);\"><strong style=\"line-height: 1;\">LOREM CORPORATE CEO<\/strong><\/span><\/p><p style=\"text-align: center;\"><span style=\"color: rgb(255, 255, 255);\">Duis aute irure dolor in reprehenderit in voluptate velit esse cillum dolore eu fugiat nulla pariatur. Excepteur sint occaecat cupidatat non proident, sunt in culpa qui officia deserunt mollit anim id est laborum.<\/span><\/p><p style=\"text-align: left;\"><sign>\u00a0 \u00a0 \u00a0 <span style=\"line-height: 2.0;\">Benn Marshall<\/span><\/sign><\/p>\n\n\n<p><strong>Consulting Total<\/strong> es una consultora privada que ofrece asesoramiento experto y servicios externalizados para empresas. Nuestro equipo de profesionales de diversas procedencias utiliza tecnolog\u00eda punta y recursos humanos para ofrecer soluciones de transformaci\u00f3n y mejora de las empresas.\n<\/p>\n<p>Nuestros servicios est\u00e1n dise\u00f1ados para satisfacer todas las necesidades que conducen al \u00e9xito de una empresa, especialmente en un mercado tan competitivo como el actual.<\/p>\n<p>Estamos especializados en identificar y resolver problemas complejos que requieren profesionales experimentados. Nuestro objetivo final es proporcionar una completa satisfacci\u00f3n a nuestros clientes mediante el manejo de estrategias de alta calidad que se adapten a sus necesidades \u00fanicas<\/p>\n<p>Nuestra amplia gama de servicios se centra en mejorar la imagen interna y externa de una empresa y en proporcionar orientaci\u00f3n sobre una gesti\u00f3n empresarial eficaz. Perm\u00edtanos ayudarle a crear estrategias que generen m\u00e1s beneficios para su empresa y le gu\u00eden hacia el \u00e9xito.<\/p>\n\n\n\n\n<\/body>","protected":false},"excerpt":{"rendered":"","protected":false},"author":1,"featured_media":0,"parent":0,"menu_order":0,"comment_status":"closed","ping_status":"closed","template":"","meta":{"om_disable_all_campaigns":false,"pagelayer_contact_templates":[],"_pagelayer_content":"","_monsterinsights_skip_tracking":false,"_monsterinsights_sitenote_active":false,"_monsterinsights_sitenote_note":"","_monsterinsights_sitenote_category":0,"_joinchat":[],"footnotes":""},"class_list":["post-205","page","type-page","status-publish","hentry"],"aioseo_notices":[],"_links":{"self":[{"href":"https:\/\/consultingtotal.com\/index.php?rest_route=\/wp\/v2\/pages\/205","targetHints":{"allow":["GET"]}}],"collection":[{"href":"https:\/\/consultingtotal.com\/index.php?rest_route=\/wp\/v2\/pages"}],"about":[{"href":"https:\/\/consultingtotal.com\/index.php?rest_route=\/wp\/v2\/types\/page"}],"author":[{"embeddable":true,"href":"https:\/\/consultingtotal.com\/index.php?rest_route=\/wp\/v2\/users\/1"}],"replies":[{"embeddable":true,"href":"https:\/\/consultingtotal.com\/index.php?rest_route=%2Fwp%2Fv2%2Fcomments&post=205"}],"version-history":[{"count":4,"href":"https:\/\/consultingtotal.com\/index.php?rest_route=\/wp\/v2\/pages\/205\/revisions"}],"predecessor-version":[{"id":513,"href":"https:\/\/consultingtotal.com\/index.php?rest_route=\/wp\/v2\/pages\/205\/revisions\/513"}],"wp:attachment":[{"href":"https:\/\/consultingtotal.com\/index.php?rest_route=%2Fwp%2Fv2%2Fmedia&parent=205"}],"curies":[{"name":"wp","href":"https:\/\/api.w.org\/{rel}","templated":true}]}}